{"id":894,"date":"2014-03-12T19:41:40","date_gmt":"2014-02-20T12:16:09","guid":{"rendered":"http:\/\/www.talvadesign.com\/wordpress\/?page_id=894"},"modified":"2018-05-20T17:22:03","modified_gmt":"2018-05-20T16:22:03","slug":"durabilite","status":"publish","type":"page","link":"https:\/\/www.talvadesign.com\/?page_id=894&lang=fr","title":{"rendered":"Durabilit\u00e9"},"content":{"rendered":"<div class='sort_width_container  av-sort-yes' data-portfolio-id='1' ><div id='js_sort_items' ><div class='sort_by_cat hidden '><a href=\"#\" data-filter=\"all_sort\" class=\"all_sort_button active_sort\"><span class=\"inner_sort_button\"><span>Tout<\/span><small class=\"av-cat-count\"> 8 <\/small><\/span><\/a><span class='text-sep durabilite_sort_sep'>\/<\/span><a href=\"#\" data-filter=\"durabilite_sort\" class=\"durabilite_sort_button\" ><span class=\"inner_sort_button\"><span>Durabilit\u00e9<\/span><small class='av-cat-count'> 8 <\/small><\/span><\/a><\/div><\/div><\/div><div class=' grid-sort-container isotope   no_margin-container with-title-container grid-total-even grid-col-5 grid-links-' data-portfolio-id='1'><div data-ajax-id='3988' class=' grid-entry flex_column isotope-item all_sort no_margin post-entry post-entry-3988 grid-entry-overview grid-loop-1 grid-parity-odd  durabilite_sort expositions_sort savoir-faire-accessoires-objets_sort tout_sort  av_one_fifth first default_av_fullwidth '><article class='main_color inner-entry'  itemscope=\"itemscope\" itemtype=\"https:\/\/schema.org\/CreativeWork\" ><a href='https:\/\/www.talvadesign.com\/?portfolio=sculpture-reverie-sur-le-deracinement&lang=fr' title='PROJET 3D VITRAIL : LA SCULPTURE D\u00c9RACINEMENT'  data-rel='grid-1' class='grid-image avia-hover-fx'><img loading=\"lazy\" decoding=\"async\" width=\"260\" height=\"260\" src=\"https:\/\/www.talvadesign.com\/wordpress\/wp-content\/uploads\/2016\/07\/Re\u0302verie-sur-le-de\u0301racinement-1-m3-260x260.jpg\" class=\"attachment-portfolio_small size-portfolio_small wp-post-image\" alt=\"\" srcset=\"https:\/\/www.talvadesign.com\/wordpress\/wp-content\/uploads\/2016\/07\/Re\u0302verie-sur-le-de\u0301racinement-1-m3-260x260.jpg 260w, https:\/\/www.talvadesign.com\/wordpress\/wp-content\/uploads\/2016\/07\/Re\u0302verie-sur-le-de\u0301racinement-1-m3-80x80.jpg 80w, https:\/\/www.talvadesign.com\/wordpress\/wp-content\/uploads\/2016\/07\/Re\u0302verie-sur-le-de\u0301racinement-1-m3-36x36.jpg 36w, https:\/\/www.talvadesign.com\/wordpress\/wp-content\/uploads\/2016\/07\/Re\u0302verie-sur-le-de\u0301racinement-1-m3-180x180.jpg 180w, https:\/\/www.talvadesign.com\/wordpress\/wp-content\/uploads\/2016\/07\/Re\u0302verie-sur-le-de\u0301racinement-1-m3-120x120.jpg 120w, https:\/\/www.talvadesign.com\/wordpress\/wp-content\/uploads\/2016\/07\/Re\u0302verie-sur-le-de\u0301racinement-1-m3-450x450.jpg 450w\" sizes=\"auto, (max-width: 260px) 100vw, 260px\" \/><\/a><div class='grid-content'><div class='avia-arrow'><\/div><header class=\"entry-content-header\"><h3 class='grid-entry-title entry-title'  itemprop=\"headline\" ><a href='https:\/\/www.talvadesign.com\/?portfolio=sculpture-reverie-sur-le-deracinement&lang=fr' title='PROJET 3D VITRAIL : LA SCULPTURE D\u00c9RACINEMENT'>PROJET 3D VITRAIL : LA SCULPTURE D\u00c9RACINEMENT<\/a><\/h3><\/header><\/div><footer class=\"entry-footer\"><\/footer><\/article><\/div><div data-ajax-id='4178' class=' grid-entry flex_column isotope-item all_sort no_margin post-entry post-entry-4178 grid-entry-overview grid-loop-2 grid-parity-even  durabilite_sort expositions_sort savoir-faire-accessoires-objets_sort tout_sort  av_one_fifth  default_av_fullwidth '><article class='main_color inner-entry'  itemscope=\"itemscope\" itemtype=\"https:\/\/schema.org\/CreativeWork\" ><a href='https:\/\/www.talvadesign.com\/?portfolio=stained-glass-3d-project-prize-of-the-salon-dautomne-2016-for-environnemental-art&lang=fr' title='3D VITRAIL - MERE FEMME - PRIX D&#039;ART ENVIRONEMENTAL, SALON D&#039;AUTOMNE 2016'  data-rel='grid-1' class='grid-image avia-hover-fx'><img loading=\"lazy\" decoding=\"async\" width=\"260\" height=\"238\" src=\"https:\/\/www.talvadesign.com\/wordpress\/wp-content\/uploads\/2016\/12\/Couverture-3D-Vitrail1-284x260.jpg\" class=\"attachment-portfolio_small size-portfolio_small wp-post-image\" alt=\"\" \/><\/a><div class='grid-content'><div class='avia-arrow'><\/div><header class=\"entry-content-header\"><h3 class='grid-entry-title entry-title'  itemprop=\"headline\" ><a href='https:\/\/www.talvadesign.com\/?portfolio=stained-glass-3d-project-prize-of-the-salon-dautomne-2016-for-environnemental-art&lang=fr' title='3D VITRAIL - MERE FEMME - PRIX D&#039;ART ENVIRONEMENTAL, SALON D&#039;AUTOMNE 2016'>3D VITRAIL - MERE FEMME - PRIX D'ART ENVIRONEMENTAL, SALON D'AUTOMNE 2016<\/a><\/h3><\/header><\/div><footer class=\"entry-footer\"><\/footer><\/article><\/div><div data-ajax-id='46' class=' grid-entry flex_column isotope-item all_sort no_margin post-entry post-entry-46 grid-entry-overview grid-loop-3 grid-parity-odd  durabilite_sort expositions_sort savoir-faire-accessoires-objets_sort tout_sort  av_one_fifth  default_av_fullwidth '><article class='main_color inner-entry'  itemscope=\"itemscope\" itemtype=\"https:\/\/schema.org\/CreativeWork\" ><a href='https:\/\/www.talvadesign.com\/?portfolio=memoires-brodees&lang=fr' title='MEMOIRES BRODEES - Exposition au Mus\u00e9e D&#039;Art et Industrie La Piscine , Roubaix'  data-rel='grid-1' class='grid-image avia-hover-fx'><img loading=\"lazy\" decoding=\"async\" width=\"260\" height=\"260\" src=\"https:\/\/www.talvadesign.com\/wordpress\/wp-content\/uploads\/2015\/08\/Img19914embrodery-e1527501697351-260x260.jpg\" class=\"attachment-portfolio_small size-portfolio_small wp-post-image\" alt=\"\" srcset=\"https:\/\/www.talvadesign.com\/wordpress\/wp-content\/uploads\/2015\/08\/Img19914embrodery-e1527501697351-260x260.jpg 260w, https:\/\/www.talvadesign.com\/wordpress\/wp-content\/uploads\/2015\/08\/Img19914embrodery-e1527501697351-80x80.jpg 80w, https:\/\/www.talvadesign.com\/wordpress\/wp-content\/uploads\/2015\/08\/Img19914embrodery-e1527501697351-36x36.jpg 36w, https:\/\/www.talvadesign.com\/wordpress\/wp-content\/uploads\/2015\/08\/Img19914embrodery-e1527501697351-180x180.jpg 180w, https:\/\/www.talvadesign.com\/wordpress\/wp-content\/uploads\/2015\/08\/Img19914embrodery-e1527501697351-400x400.jpg 400w, https:\/\/www.talvadesign.com\/wordpress\/wp-content\/uploads\/2015\/08\/Img19914embrodery-e1527501697351-120x120.jpg 120w\" sizes=\"auto, (max-width: 260px) 100vw, 260px\" \/><\/a><div class='grid-content'><div class='avia-arrow'><\/div><header class=\"entry-content-header\"><h3 class='grid-entry-title entry-title'  itemprop=\"headline\" ><a href='https:\/\/www.talvadesign.com\/?portfolio=memoires-brodees&lang=fr' title='MEMOIRES BRODEES - Exposition au Mus\u00e9e D&#039;Art et Industrie La Piscine , Roubaix'>MEMOIRES BRODEES - Exposition au Mus\u00e9e D'Art et Industrie La Piscine , Roubaix<\/a><\/h3><\/header><\/div><footer class=\"entry-footer\"><\/footer><\/article><\/div><div data-ajax-id='6598' class=' grid-entry flex_column isotope-item all_sort no_margin post-entry post-entry-6598 grid-entry-overview grid-loop-4 grid-parity-even  durabilite_sort design-collection-objet_sort expositions_sort savoir-faire-accessoires-objets_sort tout_sort  av_one_fifth  default_av_fullwidth '><article class='main_color inner-entry'  itemscope=\"itemscope\" itemtype=\"https:\/\/schema.org\/CreativeWork\" ><a href='https:\/\/www.talvadesign.com\/?portfolio=lampe-liseron-editeur-facteur-celeste&lang=fr' title='LAMPE LISERON - \u00c9DITEUR FACTEUR C\u00c9LESTE'  data-rel='grid-1' class='grid-image avia-hover-fx'><img loading=\"lazy\" decoding=\"async\" width=\"260\" height=\"260\" src=\"https:\/\/www.talvadesign.com\/wordpress\/wp-content\/uploads\/2014\/11\/12-1-260x260.jpg\" class=\"attachment-portfolio_small size-portfolio_small wp-post-image\" alt=\"\" srcset=\"https:\/\/www.talvadesign.com\/wordpress\/wp-content\/uploads\/2014\/11\/12-1-260x260.jpg 260w, https:\/\/www.talvadesign.com\/wordpress\/wp-content\/uploads\/2014\/11\/12-1-80x80.jpg 80w, https:\/\/www.talvadesign.com\/wordpress\/wp-content\/uploads\/2014\/11\/12-1-36x36.jpg 36w, https:\/\/www.talvadesign.com\/wordpress\/wp-content\/uploads\/2014\/11\/12-1-180x180.jpg 180w, https:\/\/www.talvadesign.com\/wordpress\/wp-content\/uploads\/2014\/11\/12-1-120x120.jpg 120w\" sizes=\"auto, (max-width: 260px) 100vw, 260px\" \/><\/a><div class='grid-content'><div class='avia-arrow'><\/div><header class=\"entry-content-header\"><h3 class='grid-entry-title entry-title'  itemprop=\"headline\" ><a href='https:\/\/www.talvadesign.com\/?portfolio=lampe-liseron-editeur-facteur-celeste&lang=fr' title='LAMPE LISERON - \u00c9DITEUR FACTEUR C\u00c9LESTE'>LAMPE LISERON - \u00c9DITEUR FACTEUR C\u00c9LESTE<\/a><\/h3><\/header><\/div><footer class=\"entry-footer\"><\/footer><\/article><\/div><div data-ajax-id='4380' class=' grid-entry flex_column isotope-item all_sort no_margin post-entry post-entry-4380 grid-entry-overview grid-loop-5 grid-parity-odd  durabilite_sort savoir-faire-accessoires-objets_sort tout_sort  av_one_fifth  default_av_fullwidth '><article class='main_color inner-entry'  itemscope=\"itemscope\" itemtype=\"https:\/\/schema.org\/CreativeWork\" ><a href='https:\/\/www.talvadesign.com\/?portfolio=projet-3d-vitrail-madone-projet-de-recherche-en-cours-2016-17&lang=fr' title='PROJET 3D VITRAIL : MADONE'  data-rel='grid-1' class='grid-image avia-hover-fx'><img loading=\"lazy\" decoding=\"async\" width=\"260\" height=\"260\" src=\"https:\/\/www.talvadesign.com\/wordpress\/wp-content\/uploads\/2017\/04\/IMG_20170206_180502865-260x260.jpg\" class=\"attachment-portfolio_small size-portfolio_small wp-post-image\" alt=\"\" srcset=\"https:\/\/www.talvadesign.com\/wordpress\/wp-content\/uploads\/2017\/04\/IMG_20170206_180502865-260x260.jpg 260w, https:\/\/www.talvadesign.com\/wordpress\/wp-content\/uploads\/2017\/04\/IMG_20170206_180502865-80x80.jpg 80w, https:\/\/www.talvadesign.com\/wordpress\/wp-content\/uploads\/2017\/04\/IMG_20170206_180502865-36x36.jpg 36w, https:\/\/www.talvadesign.com\/wordpress\/wp-content\/uploads\/2017\/04\/IMG_20170206_180502865-180x180.jpg 180w, https:\/\/www.talvadesign.com\/wordpress\/wp-content\/uploads\/2017\/04\/IMG_20170206_180502865-120x120.jpg 120w, https:\/\/www.talvadesign.com\/wordpress\/wp-content\/uploads\/2017\/04\/IMG_20170206_180502865-450x450.jpg 450w\" sizes=\"auto, (max-width: 260px) 100vw, 260px\" \/><\/a><div class='grid-content'><div class='avia-arrow'><\/div><header class=\"entry-content-header\"><h3 class='grid-entry-title entry-title'  itemprop=\"headline\" ><a href='https:\/\/www.talvadesign.com\/?portfolio=projet-3d-vitrail-madone-projet-de-recherche-en-cours-2016-17&lang=fr' title='PROJET 3D VITRAIL : MADONE'>PROJET 3D VITRAIL : MADONE<\/a><\/h3><\/header><\/div><footer class=\"entry-footer\"><\/footer><\/article><\/div><div data-ajax-id='3490' class=' grid-entry flex_column isotope-item all_sort no_margin post-entry post-entry-3490 grid-entry-overview grid-loop-6 grid-parity-even  durabilite_sort expositions_sort savoir-faire-accessoires-objets_sort tout_sort  av_one_fifth first default_av_fullwidth '><article class='main_color inner-entry'  itemscope=\"itemscope\" itemtype=\"https:\/\/schema.org\/CreativeWork\" ><a href='https:\/\/www.talvadesign.com\/?portfolio=la-grande-soeur-liseronne&lang=fr' title='SCULPTURE LUMINEUSE - \u00c9DITEUR FACTEUR CELESTE'  data-rel='grid-1' class='grid-image avia-hover-fx'><img loading=\"lazy\" decoding=\"async\" width=\"260\" height=\"260\" src=\"https:\/\/www.talvadesign.com\/wordpress\/wp-content\/uploads\/2015\/08\/af-027-260x260.jpg\" class=\"attachment-portfolio_small size-portfolio_small wp-post-image\" alt=\"\" srcset=\"https:\/\/www.talvadesign.com\/wordpress\/wp-content\/uploads\/2015\/08\/af-027-260x260.jpg 260w, https:\/\/www.talvadesign.com\/wordpress\/wp-content\/uploads\/2015\/08\/af-027-80x80.jpg 80w, https:\/\/www.talvadesign.com\/wordpress\/wp-content\/uploads\/2015\/08\/af-027-36x36.jpg 36w, https:\/\/www.talvadesign.com\/wordpress\/wp-content\/uploads\/2015\/08\/af-027-180x180.jpg 180w, https:\/\/www.talvadesign.com\/wordpress\/wp-content\/uploads\/2015\/08\/af-027-120x120.jpg 120w, https:\/\/www.talvadesign.com\/wordpress\/wp-content\/uploads\/2015\/08\/af-027-450x450.jpg 450w\" sizes=\"auto, (max-width: 260px) 100vw, 260px\" \/><\/a><div class='grid-content'><div class='avia-arrow'><\/div><header class=\"entry-content-header\"><h3 class='grid-entry-title entry-title'  itemprop=\"headline\" ><a href='https:\/\/www.talvadesign.com\/?portfolio=la-grande-soeur-liseronne&lang=fr' title='SCULPTURE LUMINEUSE - \u00c9DITEUR FACTEUR CELESTE'>SCULPTURE LUMINEUSE - \u00c9DITEUR FACTEUR CELESTE<\/a><\/h3><\/header><\/div><footer class=\"entry-footer\"><\/footer><\/article><\/div><div data-ajax-id='1184' class=' grid-entry flex_column isotope-item all_sort no_margin post-entry post-entry-1184 grid-entry-overview grid-loop-7 grid-parity-odd  durabilite_sort espace_sort expositions_sort tout_sort  av_one_fifth  default_av_fullwidth '><article class='main_color inner-entry'  itemscope=\"itemscope\" itemtype=\"https:\/\/schema.org\/CreativeWork\" ><a href='https:\/\/www.talvadesign.com\/?portfolio=abstraction-dangereuse-dun-chaise-installation&lang=fr' title='&#039;ABSTRACTION DANGEREUSE D&#039;UN CHAISE&#039; ET &#039;BOIS URBAIN&#039;, INSTALLATIONS'  data-rel='grid-1' class='grid-image avia-hover-fx'><img loading=\"lazy\" decoding=\"async\" width=\"260\" height=\"260\" src=\"https:\/\/www.talvadesign.com\/wordpress\/wp-content\/uploads\/2014\/02\/july-10-210-260x260.jpg\" class=\"attachment-portfolio_small size-portfolio_small wp-post-image\" alt=\"\" srcset=\"https:\/\/www.talvadesign.com\/wordpress\/wp-content\/uploads\/2014\/02\/july-10-210-260x260.jpg 260w, https:\/\/www.talvadesign.com\/wordpress\/wp-content\/uploads\/2014\/02\/july-10-210-80x80.jpg 80w, https:\/\/www.talvadesign.com\/wordpress\/wp-content\/uploads\/2014\/02\/july-10-210-36x36.jpg 36w\" sizes=\"auto, (max-width: 260px) 100vw, 260px\" \/><\/a><div class='grid-content'><div class='avia-arrow'><\/div><header class=\"entry-content-header\"><h3 class='grid-entry-title entry-title'  itemprop=\"headline\" ><a href='https:\/\/www.talvadesign.com\/?portfolio=abstraction-dangereuse-dun-chaise-installation&lang=fr' title='&#039;ABSTRACTION DANGEREUSE D&#039;UN CHAISE&#039; ET &#039;BOIS URBAIN&#039;, INSTALLATIONS'>'ABSTRACTION DANGEREUSE D'UN CHAISE' ET 'BOIS URBAIN', INSTALLATIONS<\/a><\/h3><\/header><\/div><footer class=\"entry-footer\"><\/footer><\/article><\/div><div data-ajax-id='1192' class=' grid-entry flex_column isotope-item all_sort no_margin post-entry post-entry-1192 grid-entry-overview grid-loop-8 grid-parity-even  post-entry-last  durabilite_sort expositions_sort tout_sort  av_one_fifth  default_av_fullwidth '><article class='main_color inner-entry'  itemscope=\"itemscope\" itemtype=\"https:\/\/schema.org\/CreativeWork\" ><a href='https:\/\/www.talvadesign.com\/?portfolio=workshop-upcycling-4-a-4-dix-huit&lang=fr' title='PROGRAMME &#039;WORKSHOP UPCYCLING, 4 A 4 DIX HUIT'  data-rel='grid-1' class='grid-image avia-hover-fx'><img loading=\"lazy\" decoding=\"async\" width=\"260\" height=\"260\" src=\"https:\/\/www.talvadesign.com\/wordpress\/wp-content\/uploads\/2014\/02\/installation-lumineuse-c\u00f4t\u00e9-2-260x260.jpg\" class=\"attachment-portfolio_small size-portfolio_small wp-post-image\" alt=\"\" srcset=\"https:\/\/www.talvadesign.com\/wordpress\/wp-content\/uploads\/2014\/02\/installation-lumineuse-c\u00f4t\u00e9-2-260x260.jpg 260w, https:\/\/www.talvadesign.com\/wordpress\/wp-content\/uploads\/2014\/02\/installation-lumineuse-c\u00f4t\u00e9-2-80x80.jpg 80w, https:\/\/www.talvadesign.com\/wordpress\/wp-content\/uploads\/2014\/02\/installation-lumineuse-c\u00f4t\u00e9-2-36x36.jpg 36w\" sizes=\"auto, (max-width: 260px) 100vw, 260px\" \/><\/a><div class='grid-content'><div class='avia-arrow'><\/div><header class=\"entry-content-header\"><h3 class='grid-entry-title entry-title'  itemprop=\"headline\" ><a href='https:\/\/www.talvadesign.com\/?portfolio=workshop-upcycling-4-a-4-dix-huit&lang=fr' title='PROGRAMME &#039;WORKSHOP UPCYCLING, 4 A 4 DIX HUIT'>PROGRAMME 'WORKSHOP UPCYCLING, 4 A 4 DIX HUIT<\/a><\/h3><\/header><\/div><footer class=\"entry-footer\"><\/footer><\/article><\/div><\/div>\n<div style=\"padding-bottom:5px; padding-top:5px;\" class=\"hupso-share-buttons\"><!-- Hupso Share Buttons - https:\/\/www.hupso.com\/share\/ --><a class=\"hupso_toolbar\" href=\"https:\/\/www.hupso.com\/share\/\"><img decoding=\"async\" src=\"https:\/\/static.hupso.com\/share\/buttons\/share-small.png\" style=\"border:0px; padding-top: 5px; float:left;\" alt=\"Share Button\"\/><\/a><script type=\"text\/javascript\">var hupso_services_t=new Array(\"Twitter\",\"Facebook\",\"Google Plus\",\"Linkedin\");var hupso_background_t=\"#EAF4FF\";var hupso_border_t=\"#66CCFF\";var hupso_toolbar_size_t=\"small\";var hupso_image_folder_url = \"\";var hupso_url_t=\"\";var hupso_title_t=\"Durabilit%C3%A9\";<\/script><script type=\"text\/javascript\" src=\"https:\/\/static.hupso.com\/share\/js\/share_toolbar.js\"><\/script><!-- Hupso Share Buttons --><\/div>","protected":false},"excerpt":{"rendered":"","protected":false},"author":1,"featured_media":0,"parent":0,"menu_order":0,"comment_status":"closed","ping_status":"closed","template":"","meta":{"footnotes":""},"class_list":["post-894","page","type-page","status-publish","hentry"],"_links":{"self":[{"href":"https:\/\/www.talvadesign.com\/index.php?rest_route=%2Fwp%2Fv2%2Fpages%2F894&lang=fr","targetHints":{"allow":["GET"]}}],"collection":[{"href":"https:\/\/www.talvadesign.com\/index.php?rest_route=%2Fwp%2Fv2%2Fpages&lang=fr"}],"about":[{"href":"https:\/\/www.talvadesign.com\/index.php?rest_route=%2Fwp%2Fv2%2Ftypes%2Fpage&lang=fr"}],"author":[{"embeddable":true,"href":"https:\/\/www.talvadesign.com\/index.php?rest_route=%2Fwp%2Fv2%2Fusers%2F1&lang=fr"}],"replies":[{"embeddable":true,"href":"https:\/\/www.talvadesign.com\/index.php?rest_route=%2Fwp%2Fv2%2Fcomments&lang=fr&post=894"}],"version-history":[{"count":3,"href":"https:\/\/www.talvadesign.com\/index.php?rest_route=%2Fwp%2Fv2%2Fpages%2F894%2Frevisions&lang=fr"}],"predecessor-version":[{"id":6739,"href":"https:\/\/www.talvadesign.com\/index.php?rest_route=%2Fwp%2Fv2%2Fpages%2F894%2Frevisions%2F6739&lang=fr"}],"wp:attachment":[{"href":"https:\/\/www.talvadesign.com\/index.php?rest_route=%2Fwp%2Fv2%2Fmedia&lang=fr&parent=894"}],"curies":[{"name":"wp","href":"https:\/\/api.w.org\/{rel}","templated":true}]}}