{"id":888,"date":"2014-03-12T19:42:52","date_gmt":"2014-03-12T18:42:52","guid":{"rendered":"http:\/\/www.talvadesign.com\/wordpress\/?page_id=888"},"modified":"2019-10-23T20:46:02","modified_gmt":"2019-10-23T19:46:02","slug":"creations-3-dimensionnel-mobilier-espace","status":"publish","type":"page","link":"https:\/\/www.talvadesign.com\/?page_id=888&lang=fr","title":{"rendered":"Espace&#8212;&#8211;ancien Mobilier &#038; espace"},"content":{"rendered":"<div class='sort_width_container  av-sort-yes' data-portfolio-id='1' ><div id='js_sort_items' ><div class='sort_by_cat hidden '><a href=\"#\" data-filter=\"all_sort\" class=\"all_sort_button active_sort\"><span class=\"inner_sort_button\"><span>Tout<\/span><small class=\"av-cat-count\"> 8 <\/small><\/span><\/a><span class='text-sep espace_sort_sep'>\/<\/span><a href=\"#\" data-filter=\"espace_sort\" class=\"espace_sort_button\" ><span class=\"inner_sort_button\"><span>Espace<\/span><small class='av-cat-count'> 8 <\/small><\/span><\/a><\/div><\/div><\/div><div class=' grid-sort-container isotope   no_margin-container with-title-container grid-total-even grid-col-5 grid-links-' data-portfolio-id='1'><div data-ajax-id='8131' class=' grid-entry flex_column isotope-item all_sort no_margin post-entry post-entry-8131 grid-entry-overview grid-loop-1 grid-parity-odd  design-collection-objet_sort espace_sort graphisme_sort surface-design-savoir-faire-recherche_sort tout_sort  av_one_fifth first default_av_fullwidth '><article class='main_color inner-entry'  itemscope=\"itemscope\" itemtype=\"https:\/\/schema.org\/CreativeWork\" ><a href='https:\/\/www.talvadesign.com\/?portfolio=abstraction-organique-french-touch-collection&lang=fr' title='ABSTRACTION ORGANIQUE - FRENCH TOUCH COLLECTION -ARTEVENEZIANA'  data-rel='grid-1' class='grid-image avia-hover-fx'><img loading=\"lazy\" decoding=\"async\" width=\"260\" height=\"260\" src=\"https:\/\/www.talvadesign.com\/wordpress\/wp-content\/uploads\/2025\/03\/Cosmos_Organic-Abstraction-02_Design-by-Tal-Waldman_Finishing_HR-260x260.jpg\" class=\"attachment-portfolio_small size-portfolio_small wp-post-image\" alt=\"\" srcset=\"https:\/\/www.talvadesign.com\/wordpress\/wp-content\/uploads\/2025\/03\/Cosmos_Organic-Abstraction-02_Design-by-Tal-Waldman_Finishing_HR-260x260.jpg 260w, https:\/\/www.talvadesign.com\/wordpress\/wp-content\/uploads\/2025\/03\/Cosmos_Organic-Abstraction-02_Design-by-Tal-Waldman_Finishing_HR-80x80.jpg 80w, https:\/\/www.talvadesign.com\/wordpress\/wp-content\/uploads\/2025\/03\/Cosmos_Organic-Abstraction-02_Design-by-Tal-Waldman_Finishing_HR-36x36.jpg 36w, https:\/\/www.talvadesign.com\/wordpress\/wp-content\/uploads\/2025\/03\/Cosmos_Organic-Abstraction-02_Design-by-Tal-Waldman_Finishing_HR-180x180.jpg 180w, https:\/\/www.talvadesign.com\/wordpress\/wp-content\/uploads\/2025\/03\/Cosmos_Organic-Abstraction-02_Design-by-Tal-Waldman_Finishing_HR-120x120.jpg 120w, https:\/\/www.talvadesign.com\/wordpress\/wp-content\/uploads\/2025\/03\/Cosmos_Organic-Abstraction-02_Design-by-Tal-Waldman_Finishing_HR-450x450.jpg 450w\" sizes=\"auto, (max-width: 260px) 100vw, 260px\" \/><\/a><div class='grid-content'><div class='avia-arrow'><\/div><header class=\"entry-content-header\"><h3 class='grid-entry-title entry-title'  itemprop=\"headline\" ><a href='https:\/\/www.talvadesign.com\/?portfolio=abstraction-organique-french-touch-collection&lang=fr' title='ABSTRACTION ORGANIQUE - FRENCH TOUCH COLLECTION -ARTEVENEZIANA'>ABSTRACTION ORGANIQUE - FRENCH TOUCH COLLECTION -ARTEVENEZIANA<\/a><\/h3><\/header><\/div><footer class=\"entry-footer\"><\/footer><\/article><\/div><div data-ajax-id='1184' class=' grid-entry flex_column isotope-item all_sort no_margin post-entry post-entry-1184 grid-entry-overview grid-loop-2 grid-parity-even  durabilite_sort espace_sort expositions_sort tout_sort  av_one_fifth  default_av_fullwidth '><article class='main_color inner-entry'  itemscope=\"itemscope\" itemtype=\"https:\/\/schema.org\/CreativeWork\" ><a href='https:\/\/www.talvadesign.com\/?portfolio=abstraction-dangereuse-dun-chaise-installation&lang=fr' title='&#039;ABSTRACTION DANGEREUSE D&#039;UN CHAISE&#039; ET &#039;BOIS URBAIN&#039;, INSTALLATIONS'  data-rel='grid-1' class='grid-image avia-hover-fx'><img loading=\"lazy\" decoding=\"async\" width=\"260\" height=\"260\" src=\"https:\/\/www.talvadesign.com\/wordpress\/wp-content\/uploads\/2014\/02\/july-10-210-260x260.jpg\" class=\"attachment-portfolio_small size-portfolio_small wp-post-image\" alt=\"\" srcset=\"https:\/\/www.talvadesign.com\/wordpress\/wp-content\/uploads\/2014\/02\/july-10-210-260x260.jpg 260w, https:\/\/www.talvadesign.com\/wordpress\/wp-content\/uploads\/2014\/02\/july-10-210-80x80.jpg 80w, https:\/\/www.talvadesign.com\/wordpress\/wp-content\/uploads\/2014\/02\/july-10-210-36x36.jpg 36w\" sizes=\"auto, (max-width: 260px) 100vw, 260px\" \/><\/a><div class='grid-content'><div class='avia-arrow'><\/div><header class=\"entry-content-header\"><h3 class='grid-entry-title entry-title'  itemprop=\"headline\" ><a href='https:\/\/www.talvadesign.com\/?portfolio=abstraction-dangereuse-dun-chaise-installation&lang=fr' title='&#039;ABSTRACTION DANGEREUSE D&#039;UN CHAISE&#039; ET &#039;BOIS URBAIN&#039;, INSTALLATIONS'>'ABSTRACTION DANGEREUSE D'UN CHAISE' ET 'BOIS URBAIN', INSTALLATIONS<\/a><\/h3><\/header><\/div><footer class=\"entry-footer\"><\/footer><\/article><\/div><div data-ajax-id='936' class=' grid-entry flex_column isotope-item all_sort no_margin post-entry post-entry-936 grid-entry-overview grid-loop-3 grid-parity-odd  espace_sort expositions_sort tout_sort  av_one_fifth  default_av_fullwidth '><article class='main_color inner-entry'  itemscope=\"itemscope\" itemtype=\"https:\/\/schema.org\/CreativeWork\" ><a href='https:\/\/www.talvadesign.com\/?portfolio=projet-maternite-iconographique-1-centre-rashi&lang=fr' title='&#039;TOTEM&#039;, BIENNALE A L&#039;EGLISE  DE LA MADELEINE'  data-rel='grid-1' class='grid-image avia-hover-fx'><img loading=\"lazy\" decoding=\"async\" width=\"260\" height=\"260\" src=\"https:\/\/www.talvadesign.com\/wordpress\/wp-content\/uploads\/2014\/02\/aout-09-4-260x260.jpg\" class=\"attachment-portfolio_small size-portfolio_small wp-post-image\" alt=\"\" srcset=\"https:\/\/www.talvadesign.com\/wordpress\/wp-content\/uploads\/2014\/02\/aout-09-4-260x260.jpg 260w, https:\/\/www.talvadesign.com\/wordpress\/wp-content\/uploads\/2014\/02\/aout-09-4-80x80.jpg 80w, https:\/\/www.talvadesign.com\/wordpress\/wp-content\/uploads\/2014\/02\/aout-09-4-36x36.jpg 36w\" sizes=\"auto, (max-width: 260px) 100vw, 260px\" \/><\/a><div class='grid-content'><div class='avia-arrow'><\/div><header class=\"entry-content-header\"><h3 class='grid-entry-title entry-title'  itemprop=\"headline\" ><a href='https:\/\/www.talvadesign.com\/?portfolio=projet-maternite-iconographique-1-centre-rashi&lang=fr' title='&#039;TOTEM&#039;, BIENNALE A L&#039;EGLISE  DE LA MADELEINE'>'TOTEM', BIENNALE A L'EGLISE  DE LA MADELEINE<\/a><\/h3><\/header><\/div><footer class=\"entry-footer\"><\/footer><\/article><\/div><div data-ajax-id='1186' class=' grid-entry flex_column isotope-item all_sort no_margin post-entry post-entry-1186 grid-entry-overview grid-loop-4 grid-parity-even  espace_sort tout_sort  av_one_fifth  default_av_fullwidth '><article class='main_color inner-entry'  itemscope=\"itemscope\" itemtype=\"https:\/\/schema.org\/CreativeWork\" ><a href='https:\/\/www.talvadesign.com\/?portfolio=architecture-agence-jean-paul-viguier&lang=fr' title='ARCHITECTURE, AGENCE JEAN PAUL VIGUIER'  data-rel='grid-1' class='grid-image avia-hover-fx'><img loading=\"lazy\" decoding=\"async\" width=\"260\" height=\"260\" src=\"https:\/\/www.talvadesign.com\/wordpress\/wp-content\/uploads\/2014\/02\/viguier1-260x260.jpg\" class=\"attachment-portfolio_small size-portfolio_small wp-post-image\" alt=\"\" srcset=\"https:\/\/www.talvadesign.com\/wordpress\/wp-content\/uploads\/2014\/02\/viguier1-260x260.jpg 260w, https:\/\/www.talvadesign.com\/wordpress\/wp-content\/uploads\/2014\/02\/viguier1-80x80.jpg 80w, https:\/\/www.talvadesign.com\/wordpress\/wp-content\/uploads\/2014\/02\/viguier1-36x36.jpg 36w\" sizes=\"auto, (max-width: 260px) 100vw, 260px\" \/><\/a><div class='grid-content'><div class='avia-arrow'><\/div><header class=\"entry-content-header\"><h3 class='grid-entry-title entry-title'  itemprop=\"headline\" ><a href='https:\/\/www.talvadesign.com\/?portfolio=architecture-agence-jean-paul-viguier&lang=fr' title='ARCHITECTURE, AGENCE JEAN PAUL VIGUIER'>ARCHITECTURE, AGENCE JEAN PAUL VIGUIER<\/a><\/h3><\/header><\/div><footer class=\"entry-footer\"><\/footer><\/article><\/div><div data-ajax-id='844' class=' grid-entry flex_column isotope-item all_sort no_margin post-entry post-entry-844 grid-entry-overview grid-loop-5 grid-parity-odd  espace_sort tout_sort  av_one_fifth  default_av_fullwidth '><article class='main_color inner-entry'  itemscope=\"itemscope\" itemtype=\"https:\/\/schema.org\/CreativeWork\" ><a href='https:\/\/www.talvadesign.com\/?portfolio=architecture-agence-jean-nouvel&lang=fr' title='ARCHITECTURE, AGENCE JEAN NOUVEL'  data-rel='grid-1' class='grid-image avia-hover-fx'><img loading=\"lazy\" decoding=\"async\" width=\"260\" height=\"260\" src=\"https:\/\/www.talvadesign.com\/wordpress\/wp-content\/uploads\/2010\/02\/nouvel2-e1394635368237-260x260.jpg\" class=\"attachment-portfolio_small size-portfolio_small wp-post-image\" alt=\"\" srcset=\"https:\/\/www.talvadesign.com\/wordpress\/wp-content\/uploads\/2010\/02\/nouvel2-e1394635368237-260x260.jpg 260w, https:\/\/www.talvadesign.com\/wordpress\/wp-content\/uploads\/2010\/02\/nouvel2-e1394635368237-80x80.jpg 80w, https:\/\/www.talvadesign.com\/wordpress\/wp-content\/uploads\/2010\/02\/nouvel2-e1394635368237-300x300.jpg 300w, https:\/\/www.talvadesign.com\/wordpress\/wp-content\/uploads\/2010\/02\/nouvel2-e1394635368237-36x36.jpg 36w, https:\/\/www.talvadesign.com\/wordpress\/wp-content\/uploads\/2010\/02\/nouvel2-e1394635368237.jpg 361w\" sizes=\"auto, (max-width: 260px) 100vw, 260px\" \/><\/a><div class='grid-content'><div class='avia-arrow'><\/div><header class=\"entry-content-header\"><h3 class='grid-entry-title entry-title'  itemprop=\"headline\" ><a href='https:\/\/www.talvadesign.com\/?portfolio=architecture-agence-jean-nouvel&lang=fr' title='ARCHITECTURE, AGENCE JEAN NOUVEL'>ARCHITECTURE, AGENCE JEAN NOUVEL<\/a><\/h3><\/header><\/div><footer class=\"entry-footer\"><\/footer><\/article><\/div><div data-ajax-id='834' class=' grid-entry flex_column isotope-item all_sort no_margin post-entry post-entry-834 grid-entry-overview grid-loop-6 grid-parity-even  espace_sort tout_sort  av_one_fifth first default_av_fullwidth '><article class='main_color inner-entry'  itemscope=\"itemscope\" itemtype=\"https:\/\/schema.org\/CreativeWork\" ><a href='https:\/\/www.talvadesign.com\/?portfolio=architecture-projet-christian-de-portzamparc&lang=fr' title='ARCHITECTURE, AGENCE C.D.PORTZAMPARC'  data-rel='grid-1' class='grid-image avia-hover-fx'><img loading=\"lazy\" decoding=\"async\" width=\"260\" height=\"260\" src=\"https:\/\/www.talvadesign.com\/wordpress\/wp-content\/uploads\/2010\/02\/urban-enterteinment1-260x260.jpg\" class=\"attachment-portfolio_small size-portfolio_small wp-post-image\" alt=\"\" srcset=\"https:\/\/www.talvadesign.com\/wordpress\/wp-content\/uploads\/2010\/02\/urban-enterteinment1-260x260.jpg 260w, https:\/\/www.talvadesign.com\/wordpress\/wp-content\/uploads\/2010\/02\/urban-enterteinment1-80x80.jpg 80w, https:\/\/www.talvadesign.com\/wordpress\/wp-content\/uploads\/2010\/02\/urban-enterteinment1-36x36.jpg 36w\" sizes=\"auto, (max-width: 260px) 100vw, 260px\" \/><\/a><div class='grid-content'><div class='avia-arrow'><\/div><header class=\"entry-content-header\"><h3 class='grid-entry-title entry-title'  itemprop=\"headline\" ><a href='https:\/\/www.talvadesign.com\/?portfolio=architecture-projet-christian-de-portzamparc&lang=fr' title='ARCHITECTURE, AGENCE C.D.PORTZAMPARC'>ARCHITECTURE, AGENCE C.D.PORTZAMPARC<\/a><\/h3><\/header><\/div><footer class=\"entry-footer\"><\/footer><\/article><\/div><div data-ajax-id='909' class=' grid-entry flex_column isotope-item all_sort no_margin post-entry post-entry-909 grid-entry-overview grid-loop-7 grid-parity-odd  espace_sort tout_sort  av_one_fifth  default_av_fullwidth '><article class='main_color inner-entry'  itemscope=\"itemscope\" itemtype=\"https:\/\/schema.org\/CreativeWork\" ><a href='https:\/\/www.talvadesign.com\/?portfolio=archi-design-adc&lang=fr' title='ARCHITECTURE &amp; DESIGN D&#039;INTERIEUR, ACD'  data-rel='grid-1' class='grid-image avia-hover-fx'><img loading=\"lazy\" decoding=\"async\" width=\"260\" height=\"260\" src=\"https:\/\/www.talvadesign.com\/wordpress\/wp-content\/uploads\/2014\/02\/extension01-260x260.jpg\" class=\"attachment-portfolio_small size-portfolio_small wp-post-image\" alt=\"\" srcset=\"https:\/\/www.talvadesign.com\/wordpress\/wp-content\/uploads\/2014\/02\/extension01-260x260.jpg 260w, https:\/\/www.talvadesign.com\/wordpress\/wp-content\/uploads\/2014\/02\/extension01-80x80.jpg 80w, https:\/\/www.talvadesign.com\/wordpress\/wp-content\/uploads\/2014\/02\/extension01-36x36.jpg 36w\" sizes=\"auto, (max-width: 260px) 100vw, 260px\" \/><\/a><div class='grid-content'><div class='avia-arrow'><\/div><header class=\"entry-content-header\"><h3 class='grid-entry-title entry-title'  itemprop=\"headline\" ><a href='https:\/\/www.talvadesign.com\/?portfolio=archi-design-adc&lang=fr' title='ARCHITECTURE &amp; DESIGN D&#039;INTERIEUR, ACD'>ARCHITECTURE & DESIGN D'INTERIEUR, ACD<\/a><\/h3><\/header><\/div><footer class=\"entry-footer\"><\/footer><\/article><\/div><div data-ajax-id='839' class=' grid-entry flex_column isotope-item all_sort no_margin post-entry post-entry-839 grid-entry-overview grid-loop-8 grid-parity-even  post-entry-last  espace_sort tout_sort  av_one_fifth  default_av_fullwidth '><article class='main_color inner-entry'  itemscope=\"itemscope\" itemtype=\"https:\/\/schema.org\/CreativeWork\" ><a href='https:\/\/www.talvadesign.com\/?portfolio=architecture-auteur&lang=fr' title='TRIBUNAL DE JUSTICE, LOUGA, S\u00c9N\u00c9GAL.'  data-rel='grid-1' class='grid-image avia-hover-fx'><img loading=\"lazy\" decoding=\"async\" width=\"260\" height=\"260\" src=\"https:\/\/www.talvadesign.com\/wordpress\/wp-content\/uploads\/2014\/02\/conc_louga01-e1394637086550-260x260.jpg\" class=\"attachment-portfolio_small size-portfolio_small wp-post-image\" alt=\"\" srcset=\"https:\/\/www.talvadesign.com\/wordpress\/wp-content\/uploads\/2014\/02\/conc_louga01-e1394637086550-260x260.jpg 260w, https:\/\/www.talvadesign.com\/wordpress\/wp-content\/uploads\/2014\/02\/conc_louga01-e1394637086550-80x80.jpg 80w, https:\/\/www.talvadesign.com\/wordpress\/wp-content\/uploads\/2014\/02\/conc_louga01-e1394637086550-36x36.jpg 36w, https:\/\/www.talvadesign.com\/wordpress\/wp-content\/uploads\/2014\/02\/conc_louga01-e1394637086550-180x180.jpg 180w, https:\/\/www.talvadesign.com\/wordpress\/wp-content\/uploads\/2014\/02\/conc_louga01-e1394637086550-120x120.jpg 120w\" sizes=\"auto, (max-width: 260px) 100vw, 260px\" \/><\/a><div class='grid-content'><div class='avia-arrow'><\/div><header class=\"entry-content-header\"><h3 class='grid-entry-title entry-title'  itemprop=\"headline\" ><a href='https:\/\/www.talvadesign.com\/?portfolio=architecture-auteur&lang=fr' title='TRIBUNAL DE JUSTICE, LOUGA, S\u00c9N\u00c9GAL.'>TRIBUNAL DE JUSTICE, LOUGA, S\u00c9N\u00c9GAL.<\/a><\/h3><\/header><\/div><footer class=\"entry-footer\"><\/footer><\/article><\/div><\/div>\n<div style=\"padding-bottom:5px; padding-top:5px;\" class=\"hupso-share-buttons\"><!-- Hupso Share Buttons - https:\/\/www.hupso.com\/share\/ --><a class=\"hupso_toolbar\" href=\"https:\/\/www.hupso.com\/share\/\"><img decoding=\"async\" src=\"https:\/\/static.hupso.com\/share\/buttons\/share-small.png\" style=\"border:0px; padding-top: 5px; float:left;\" alt=\"Share Button\"\/><\/a><script type=\"text\/javascript\">var hupso_services_t=new Array(\"Twitter\",\"Facebook\",\"Google Plus\",\"Linkedin\");var hupso_background_t=\"#EAF4FF\";var hupso_border_t=\"#66CCFF\";var hupso_toolbar_size_t=\"small\";var hupso_image_folder_url = \"\";var hupso_url_t=\"\";var hupso_title_t=\"Espace-----ancien%20Mobilier%20%26%20espace\";<\/script><script type=\"text\/javascript\" src=\"https:\/\/static.hupso.com\/share\/js\/share_toolbar.js\"><\/script><!-- Hupso Share Buttons --><\/div>","protected":false},"excerpt":{"rendered":"","protected":false},"author":1,"featured_media":0,"parent":0,"menu_order":0,"comment_status":"closed","ping_status":"closed","template":"","meta":{"footnotes":""},"class_list":["post-888","page","type-page","status-publish","hentry"],"_links":{"self":[{"href":"https:\/\/www.talvadesign.com\/index.php?rest_route=%2Fwp%2Fv2%2Fpages%2F888&lang=fr","targetHints":{"allow":["GET"]}}],"collection":[{"href":"https:\/\/www.talvadesign.com\/index.php?rest_route=%2Fwp%2Fv2%2Fpages&lang=fr"}],"about":[{"href":"https:\/\/www.talvadesign.com\/index.php?rest_route=%2Fwp%2Fv2%2Ftypes%2Fpage&lang=fr"}],"author":[{"embeddable":true,"href":"https:\/\/www.talvadesign.com\/index.php?rest_route=%2Fwp%2Fv2%2Fusers%2F1&lang=fr"}],"replies":[{"embeddable":true,"href":"https:\/\/www.talvadesign.com\/index.php?rest_route=%2Fwp%2Fv2%2Fcomments&lang=fr&post=888"}],"version-history":[{"count":5,"href":"https:\/\/www.talvadesign.com\/index.php?rest_route=%2Fwp%2Fv2%2Fpages%2F888%2Frevisions&lang=fr"}],"predecessor-version":[{"id":7777,"href":"https:\/\/www.talvadesign.com\/index.php?rest_route=%2Fwp%2Fv2%2Fpages%2F888%2Frevisions%2F7777&lang=fr"}],"wp:attachment":[{"href":"https:\/\/www.talvadesign.com\/index.php?rest_route=%2Fwp%2Fv2%2Fmedia&lang=fr&parent=888"}],"curies":[{"name":"wp","href":"https:\/\/api.w.org\/{rel}","templated":true}]}}