{"id":873,"date":"2014-03-12T19:43:17","date_gmt":"2014-03-12T18:43:17","guid":{"rendered":"http:\/\/www.talvadesign.com\/wordpress\/?page_id=873"},"modified":"2020-01-02T12:51:44","modified_gmt":"2020-01-02T11:51:44","slug":"conseil","status":"publish","type":"page","link":"https:\/\/www.talvadesign.com\/?page_id=873&lang=fr","title":{"rendered":"Conseil"},"content":{"rendered":"<div class='sort_width_container  av-sort-yes' data-portfolio-id='1' ><div id='js_sort_items' ><div class='sort_by_cat hidden '><a href=\"#\" data-filter=\"all_sort\" class=\"all_sort_button active_sort\"><span class=\"inner_sort_button\"><span>Tout<\/span><small class=\"av-cat-count\"> 4 <\/small><\/span><\/a><span class='text-sep conseil_sort_sep'>\/<\/span><a href=\"#\" data-filter=\"conseil_sort\" class=\"conseil_sort_button\" ><span class=\"inner_sort_button\"><span>Conseil<\/span><small class='av-cat-count'> 4 <\/small><\/span><\/a><\/div><\/div><\/div><div class=' grid-sort-container isotope   no_margin-container with-title-container grid-total-even grid-col-5 grid-links-' data-portfolio-id='1'><div data-ajax-id='7135' class=' grid-entry flex_column isotope-item all_sort no_margin post-entry post-entry-7135 grid-entry-overview grid-loop-1 grid-parity-odd  conseil_sort design-collection-objet_sort graphisme_sort savoir-faire-accessoires-objets_sort tout_sort  av_one_fifth first default_av_fullwidth '><article class='main_color inner-entry'  itemscope=\"itemscope\" itemtype=\"https:\/\/schema.org\/CreativeWork\" ><a href='https:\/\/www.talvadesign.com\/?portfolio=creations-en-papier-3d-pour-les-palaces-cheval-blanc-2019-3d-paper-creations-for-cheval-blanc-palaces-of-lvmh-house&lang=fr' title='CR\u00c9ATIONS EN PAPIER 3D POUR LES PALACES CHEVAL BLANC, LVMH'  data-rel='grid-1' class='grid-image avia-hover-fx'><img loading=\"lazy\" decoding=\"async\" width=\"260\" height=\"260\" src=\"https:\/\/www.talvadesign.com\/wordpress\/wp-content\/uploads\/2019\/06\/IMG_2084-2-m-260x260.jpg\" class=\"attachment-portfolio_small size-portfolio_small wp-post-image\" alt=\"\" srcset=\"https:\/\/www.talvadesign.com\/wordpress\/wp-content\/uploads\/2019\/06\/IMG_2084-2-m-260x260.jpg 260w, https:\/\/www.talvadesign.com\/wordpress\/wp-content\/uploads\/2019\/06\/IMG_2084-2-m-80x80.jpg 80w, https:\/\/www.talvadesign.com\/wordpress\/wp-content\/uploads\/2019\/06\/IMG_2084-2-m-36x36.jpg 36w, https:\/\/www.talvadesign.com\/wordpress\/wp-content\/uploads\/2019\/06\/IMG_2084-2-m-180x180.jpg 180w, https:\/\/www.talvadesign.com\/wordpress\/wp-content\/uploads\/2019\/06\/IMG_2084-2-m-120x120.jpg 120w, https:\/\/www.talvadesign.com\/wordpress\/wp-content\/uploads\/2019\/06\/IMG_2084-2-m-450x450.jpg 450w\" sizes=\"auto, (max-width: 260px) 100vw, 260px\" \/><\/a><div class='grid-content'><div class='avia-arrow'><\/div><header class=\"entry-content-header\"><h3 class='grid-entry-title entry-title'  itemprop=\"headline\" ><a href='https:\/\/www.talvadesign.com\/?portfolio=creations-en-papier-3d-pour-les-palaces-cheval-blanc-2019-3d-paper-creations-for-cheval-blanc-palaces-of-lvmh-house&lang=fr' title='CR\u00c9ATIONS EN PAPIER 3D POUR LES PALACES CHEVAL BLANC, LVMH'>CR\u00c9ATIONS EN PAPIER 3D POUR LES PALACES CHEVAL BLANC, LVMH<\/a><\/h3><\/header><\/div><footer class=\"entry-footer\"><\/footer><\/article><\/div><div data-ajax-id='6631' class=' grid-entry flex_column isotope-item all_sort no_margin post-entry post-entry-6631 grid-entry-overview grid-loop-2 grid-parity-even  conseil_sort graphisme_sort tout_sort  av_one_fifth  default_av_fullwidth '><article class='main_color inner-entry'  itemscope=\"itemscope\" itemtype=\"https:\/\/schema.org\/CreativeWork\" ><a href='https:\/\/www.talvadesign.com\/?portfolio=image-de-marque-branding-et-identite-visuelle-pour-tevet-reception&lang=fr' title='IMAGE DE MARQUE (BRANDING) ET IDENTIT\u00c9 VISUELLE POUR TEVET R\u00c9CEPTION'  data-rel='grid-1' class='grid-image avia-hover-fx'><img loading=\"lazy\" decoding=\"async\" width=\"260\" height=\"260\" src=\"https:\/\/www.talvadesign.com\/wordpress\/wp-content\/uploads\/2018\/05\/P0-COUVERTURE-260x260.jpg\" class=\"attachment-portfolio_small size-portfolio_small wp-post-image\" alt=\"\" srcset=\"https:\/\/www.talvadesign.com\/wordpress\/wp-content\/uploads\/2018\/05\/P0-COUVERTURE-260x260.jpg 260w, https:\/\/www.talvadesign.com\/wordpress\/wp-content\/uploads\/2018\/05\/P0-COUVERTURE-80x80.jpg 80w, https:\/\/www.talvadesign.com\/wordpress\/wp-content\/uploads\/2018\/05\/P0-COUVERTURE-36x36.jpg 36w, https:\/\/www.talvadesign.com\/wordpress\/wp-content\/uploads\/2018\/05\/P0-COUVERTURE-180x180.jpg 180w, https:\/\/www.talvadesign.com\/wordpress\/wp-content\/uploads\/2018\/05\/P0-COUVERTURE-120x120.jpg 120w, https:\/\/www.talvadesign.com\/wordpress\/wp-content\/uploads\/2018\/05\/P0-COUVERTURE-450x450.jpg 450w\" sizes=\"auto, (max-width: 260px) 100vw, 260px\" \/><\/a><div class='grid-content'><div class='avia-arrow'><\/div><header class=\"entry-content-header\"><h3 class='grid-entry-title entry-title'  itemprop=\"headline\" ><a href='https:\/\/www.talvadesign.com\/?portfolio=image-de-marque-branding-et-identite-visuelle-pour-tevet-reception&lang=fr' title='IMAGE DE MARQUE (BRANDING) ET IDENTIT\u00c9 VISUELLE POUR TEVET R\u00c9CEPTION'>IMAGE DE MARQUE (BRANDING) ET IDENTIT\u00c9 VISUELLE POUR TEVET R\u00c9CEPTION<\/a><\/h3><\/header><\/div><footer class=\"entry-footer\"><\/footer><\/article><\/div><div data-ajax-id='1183' class=' grid-entry flex_column isotope-item all_sort no_margin post-entry post-entry-1183 grid-entry-overview grid-loop-3 grid-parity-odd  conseil_sort tout_sort  av_one_fifth  default_av_fullwidth '><article class='main_color inner-entry'  itemscope=\"itemscope\" itemtype=\"https:\/\/schema.org\/CreativeWork\" ><a href='https:\/\/www.talvadesign.com\/?portfolio=garden-goes-balcony&lang=fr' title='MEMBER OF THE JURY and ONLINE PROJECT MANAGER \/ JOVOTO'  data-rel='grid-1' class='grid-image avia-hover-fx'><img loading=\"lazy\" decoding=\"async\" width=\"260\" height=\"260\" src=\"https:\/\/www.talvadesign.com\/wordpress\/wp-content\/uploads\/2014\/02\/idea-book-competition-jovoto-2011-e1394624678573-260x260.jpg\" class=\"attachment-portfolio_small size-portfolio_small wp-post-image\" alt=\"\" srcset=\"https:\/\/www.talvadesign.com\/wordpress\/wp-content\/uploads\/2014\/02\/idea-book-competition-jovoto-2011-e1394624678573-260x260.jpg 260w, https:\/\/www.talvadesign.com\/wordpress\/wp-content\/uploads\/2014\/02\/idea-book-competition-jovoto-2011-e1394624678573-80x80.jpg 80w, https:\/\/www.talvadesign.com\/wordpress\/wp-content\/uploads\/2014\/02\/idea-book-competition-jovoto-2011-e1394624678573-36x36.jpg 36w\" sizes=\"auto, (max-width: 260px) 100vw, 260px\" \/><\/a><div class='grid-content'><div class='avia-arrow'><\/div><header class=\"entry-content-header\"><h3 class='grid-entry-title entry-title'  itemprop=\"headline\" ><a href='https:\/\/www.talvadesign.com\/?portfolio=garden-goes-balcony&lang=fr' title='MEMBER OF THE JURY and ONLINE PROJECT MANAGER \/ JOVOTO'>MEMBER OF THE JURY and ONLINE PROJECT MANAGER \/ JOVOTO<\/a><\/h3><\/header><\/div><footer class=\"entry-footer\"><\/footer><\/article><\/div><div data-ajax-id='6660' class=' grid-entry flex_column isotope-item all_sort no_margin post-entry post-entry-6660 grid-entry-overview grid-loop-4 grid-parity-even  post-entry-last  conseil_sort graphisme_sort tout_sort  av_one_fifth  default_av_fullwidth '><article class='main_color inner-entry'  itemscope=\"itemscope\" itemtype=\"https:\/\/schema.org\/CreativeWork\" ><a href='https:\/\/www.talvadesign.com\/?portfolio=identite-visuelle-pour-dkos&lang=fr' title='IDENTIT\u00c9 VISUELLE POUR DKOS'  data-rel='grid-1' class='grid-image avia-hover-fx'><img loading=\"lazy\" decoding=\"async\" width=\"260\" height=\"260\" src=\"https:\/\/www.talvadesign.com\/wordpress\/wp-content\/uploads\/2018\/05\/mep-decoconseil-v5-col5-260x260.jpg\" class=\"attachment-portfolio_small size-portfolio_small wp-post-image\" alt=\"\" srcset=\"https:\/\/www.talvadesign.com\/wordpress\/wp-content\/uploads\/2018\/05\/mep-decoconseil-v5-col5-260x260.jpg 260w, https:\/\/www.talvadesign.com\/wordpress\/wp-content\/uploads\/2018\/05\/mep-decoconseil-v5-col5-80x80.jpg 80w, https:\/\/www.talvadesign.com\/wordpress\/wp-content\/uploads\/2018\/05\/mep-decoconseil-v5-col5-36x36.jpg 36w, https:\/\/www.talvadesign.com\/wordpress\/wp-content\/uploads\/2018\/05\/mep-decoconseil-v5-col5-180x180.jpg 180w, https:\/\/www.talvadesign.com\/wordpress\/wp-content\/uploads\/2018\/05\/mep-decoconseil-v5-col5-120x120.jpg 120w\" sizes=\"auto, (max-width: 260px) 100vw, 260px\" \/><\/a><div class='grid-content'><div class='avia-arrow'><\/div><header class=\"entry-content-header\"><h3 class='grid-entry-title entry-title'  itemprop=\"headline\" ><a href='https:\/\/www.talvadesign.com\/?portfolio=identite-visuelle-pour-dkos&lang=fr' title='IDENTIT\u00c9 VISUELLE POUR DKOS'>IDENTIT\u00c9 VISUELLE POUR DKOS<\/a><\/h3><\/header><\/div><footer class=\"entry-footer\"><\/footer><\/article><\/div><\/div>\n<div style=\"padding-bottom:5px; padding-top:5px;\" class=\"hupso-share-buttons\"><!-- Hupso Share Buttons - https:\/\/www.hupso.com\/share\/ --><a class=\"hupso_toolbar\" href=\"https:\/\/www.hupso.com\/share\/\"><img decoding=\"async\" src=\"https:\/\/static.hupso.com\/share\/buttons\/share-small.png\" style=\"border:0px; padding-top: 5px; float:left;\" alt=\"Share Button\"\/><\/a><script type=\"text\/javascript\">var hupso_services_t=new Array(\"Twitter\",\"Facebook\",\"Google Plus\",\"Linkedin\");var hupso_background_t=\"#EAF4FF\";var hupso_border_t=\"#66CCFF\";var hupso_toolbar_size_t=\"small\";var hupso_image_folder_url = \"\";var hupso_url_t=\"\";var hupso_title_t=\"Conseil\";<\/script><script type=\"text\/javascript\" src=\"https:\/\/static.hupso.com\/share\/js\/share_toolbar.js\"><\/script><!-- Hupso Share Buttons --><\/div>","protected":false},"excerpt":{"rendered":"","protected":false},"author":1,"featured_media":0,"parent":0,"menu_order":0,"comment_status":"closed","ping_status":"closed","template":"","meta":{"footnotes":""},"class_list":["post-873","page","type-page","status-publish","hentry"],"_links":{"self":[{"href":"https:\/\/www.talvadesign.com\/index.php?rest_route=%2Fwp%2Fv2%2Fpages%2F873&lang=fr","targetHints":{"allow":["GET"]}}],"collection":[{"href":"https:\/\/www.talvadesign.com\/index.php?rest_route=%2Fwp%2Fv2%2Fpages&lang=fr"}],"about":[{"href":"https:\/\/www.talvadesign.com\/index.php?rest_route=%2Fwp%2Fv2%2Ftypes%2Fpage&lang=fr"}],"author":[{"embeddable":true,"href":"https:\/\/www.talvadesign.com\/index.php?rest_route=%2Fwp%2Fv2%2Fusers%2F1&lang=fr"}],"replies":[{"embeddable":true,"href":"https:\/\/www.talvadesign.com\/index.php?rest_route=%2Fwp%2Fv2%2Fcomments&lang=fr&post=873"}],"version-history":[{"count":7,"href":"https:\/\/www.talvadesign.com\/index.php?rest_route=%2Fwp%2Fv2%2Fpages%2F873%2Frevisions&lang=fr"}],"predecessor-version":[{"id":7827,"href":"https:\/\/www.talvadesign.com\/index.php?rest_route=%2Fwp%2Fv2%2Fpages%2F873%2Frevisions%2F7827&lang=fr"}],"wp:attachment":[{"href":"https:\/\/www.talvadesign.com\/index.php?rest_route=%2Fwp%2Fv2%2Fmedia&lang=fr&parent=873"}],"curies":[{"name":"wp","href":"https:\/\/api.w.org\/{rel}","templated":true}]}}