{"id":645,"date":"2012-06-17T08:08:49","date_gmt":"2012-06-17T07:08:49","guid":{"rendered":"http:\/\/www.kriesi.at\/themes\/choices\/?page_id=645"},"modified":"2022-05-12T11:10:38","modified_gmt":"2022-05-12T10:10:38","slug":"presentation","status":"publish","type":"page","link":"https:\/\/www.talvadesign.com\/?page_id=645&lang=fr","title":{"rendered":"Pr\u00e9sentation"},"content":{"rendered":"<p><img loading=\"lazy\" decoding=\"async\" class=\"alignnone size-full wp-image-6949\" src=\"http:\/\/www.talvadesign.com\/wordpress\/wp-content\/uploads\/2019\/02\/INNER-cover-PORTFOLIO-FR.jpg\" alt=\"\" width=\"1200\" height=\"847\" srcset=\"https:\/\/www.talvadesign.com\/wordpress\/wp-content\/uploads\/2019\/02\/INNER-cover-PORTFOLIO-FR.jpg 1200w, https:\/\/www.talvadesign.com\/wordpress\/wp-content\/uploads\/2019\/02\/INNER-cover-PORTFOLIO-FR-300x212.jpg 300w, https:\/\/www.talvadesign.com\/wordpress\/wp-content\/uploads\/2019\/02\/INNER-cover-PORTFOLIO-FR-768x542.jpg 768w, https:\/\/www.talvadesign.com\/wordpress\/wp-content\/uploads\/2019\/02\/INNER-cover-PORTFOLIO-FR-1030x727.jpg 1030w, https:\/\/www.talvadesign.com\/wordpress\/wp-content\/uploads\/2019\/02\/INNER-cover-PORTFOLIO-FR-705x498.jpg 705w, https:\/\/www.talvadesign.com\/wordpress\/wp-content\/uploads\/2019\/02\/INNER-cover-PORTFOLIO-FR-450x318.jpg 450w\" sizes=\"auto, (max-width: 1200px) 100vw, 1200px\" \/><\/p>\n<p style=\"text-align: justify;\"><img loading=\"lazy\" decoding=\"async\" class=\"wp-image-6754 alignleft\" title=\"Photo Chritine No\u00ebl\" src=\"http:\/\/www.talvadesign.com\/wordpress\/wp-content\/uploads\/2018\/06\/nb1_DSCF1513-choix-closeUP-300x300.jpg\" alt=\"\" width=\"300\" height=\"300\" srcset=\"https:\/\/www.talvadesign.com\/wordpress\/wp-content\/uploads\/2018\/06\/nb1_DSCF1513-choix-closeUP-300x300.jpg 300w, https:\/\/www.talvadesign.com\/wordpress\/wp-content\/uploads\/2018\/06\/nb1_DSCF1513-choix-closeUP-80x80.jpg 80w, https:\/\/www.talvadesign.com\/wordpress\/wp-content\/uploads\/2018\/06\/nb1_DSCF1513-choix-closeUP-768x768.jpg 768w, https:\/\/www.talvadesign.com\/wordpress\/wp-content\/uploads\/2018\/06\/nb1_DSCF1513-choix-closeUP-1030x1030.jpg 1030w, https:\/\/www.talvadesign.com\/wordpress\/wp-content\/uploads\/2018\/06\/nb1_DSCF1513-choix-closeUP-36x36.jpg 36w, https:\/\/www.talvadesign.com\/wordpress\/wp-content\/uploads\/2018\/06\/nb1_DSCF1513-choix-closeUP-180x180.jpg 180w, https:\/\/www.talvadesign.com\/wordpress\/wp-content\/uploads\/2018\/06\/nb1_DSCF1513-choix-closeUP-260x260.jpg 260w, https:\/\/www.talvadesign.com\/wordpress\/wp-content\/uploads\/2018\/06\/nb1_DSCF1513-choix-closeUP-705x705.jpg 705w, https:\/\/www.talvadesign.com\/wordpress\/wp-content\/uploads\/2018\/06\/nb1_DSCF1513-choix-closeUP-120x120.jpg 120w, https:\/\/www.talvadesign.com\/wordpress\/wp-content\/uploads\/2018\/06\/nb1_DSCF1513-choix-closeUP-450x450.jpg 450w, https:\/\/www.talvadesign.com\/wordpress\/wp-content\/uploads\/2018\/06\/nb1_DSCF1513-choix-closeUP.jpg 1236w\" sizes=\"auto, (max-width: 300px) 100vw, 300px\" \/>Form\u00e9e en architecture (DPLG) et en beaux-arts, Tal Waldman, alias Talva D. est une artiste globale inspir\u00e9e par les diff\u00e9rentes cultures rencontr\u00e9es durant ses r\u00e9sidences et ses \u00e9tudes en Isra\u00ebl, Inde, Allemagne, Gr\u00e8ce et Paris o\u00f9 elle vit.<\/p>\n<p style=\"text-align: justify;\">Apr\u00e8s des \u00e9tudes internationales et multiculturelles d&rsquo;art et d&rsquo;architecture, elle obtient en 2000 sa ma\u00eetrise en architecture \u00e0 Paris La Villette. De 1996 \u00e0 2005, elle a travaill\u00e9 dans les bureaux d&rsquo;architectes notoires tels que Jean Nouvel, Christian de Portsamparc et Jean-Paul Viguier.<\/p>\n<p>Depuis 2006, elle partage son temps entre cr\u00e9ation pure, recherche et \u00e9dition. Elle d\u00e9veloppe des concepts, dessine, cr\u00e9e des objets d\u2019exception, initie des projets d\u2019art et de design. Tal aborde des th\u00e8mes soci\u00e9taux en utilisant le dessin, la sculpture, l&rsquo;upcycling ou les m\u00e9thodes collaboratives. Laur\u00e9ate de plusieurs prix, son travail est r\u00e9guli\u00e8rement expos\u00e9 dans des salons professionnels d&rsquo;art et de design, des mus\u00e9es et des galeries: Mus\u00e9e d&rsquo;Art et d&rsquo;Industrie &lsquo;La Piscine&rsquo;, Roubaix; Mus\u00e9e MPP, Rixheim; Mus\u00e9e d&rsquo;histoire de l&rsquo;art, Colombes; Salon d&rsquo;Automne; L&rsquo;\u00e9glise de la Madeleine; Salone del Mobile Fiera Milano, Maison&amp;Objet &#8230; Engag\u00e9e dans une d\u00e9marche environnementale et membre du mouvement international Art et Soci\u00e9t\u00e9, son travail a \u00e9t\u00e9 pr\u00e9sent\u00e9 en 2017 au Congr\u00e8s Mondial des Humanit\u00e9s de Li\u00e8ge.<\/p>\n<h4><em>\u00ab\u00a0Pour moi, il n&rsquo;y a pas de d\u00e9calage entre ma peinture et mon travail dit \u00ab\u00a0d\u00e9coratif\u00a0\u00bb.\u00a0Je n&rsquo;ai jamais consid\u00e9r\u00e9 que les \u00ab arts mineurs \u00bb \u00e9taient frustrants sur le plan artistique ;\u00a0au contraire, c&rsquo;\u00e9tait une extension de mon art.\u00a0\u00bb <\/em><\/h4>\n<h4><em>Sonia Delaunay<\/em><\/h4>\n<p>&nbsp;<\/p>\n<div>\n<div class='avia-iframe-wrap'><iframe loading=\"lazy\" src=\"https:\/\/player.vimeo.com\/video\/207784346?dnt=1&amp;app_id=122963\" width=\"1500\" height=\"844\" frameborder=\"0\" allow=\"autoplay; fullscreen\" allowfullscreen title=\"Tal Waldman - Talva D. : Artist &amp;amp; society,  a film by Elodie Guth\"><\/iframe><\/div>\n<\/div>\n<div>\u00a0 <strong>The making of Woman-Mother, project 3D stainted glass<\/strong><\/div>\n<div><\/div>\n<div>\n<div id=\"fb-root\"><\/div>\n<p><script async=\"1\" defer=\"1\" crossorigin=\"anonymous\" src=\"https:\/\/connect.facebook.net\/fr_FR\/sdk.js#xfbml=1&amp;version=v4.0\"><\/script><\/p>\n<div class=\"fb-video\" data-href=\"https:\/\/www.facebook.com\/1440575146261412\/videos\/1772128996439357\/\" data-width=\"1500\">\n<blockquote cite=\"https:\/\/www.facebook.com\/1440575146261412\/videos\/1772128996439357\/\" class=\"fb-xfbml-parse-ignore\"><p><a href=\"https:\/\/www.facebook.com\/1440575146261412\/videos\/1772128996439357\/\"><\/a><\/p>\n<p>Artiste visuelle, Tal Waldman Talva D  nous fait d\u00e9couvrir son projet en cours : 3D vitrail et le travail sur  vitraux. Belle soir\u00e9eMusique &#064; #Thedeepr Bocrew Tal Waldman Talva D<\/p>\n<p>Publi\u00e9e par <a href=\"https:\/\/www.facebook.com\/NCO-1440575146261412\/\">N+CO<\/a> sur Jeudi 2 mars 2017<\/p><\/blockquote>\n<\/div>\n<\/div>\n<p>&nbsp;<\/p>\n<div style=\"padding-bottom:5px; padding-top:5px;\" class=\"hupso-share-buttons\"><!-- Hupso Share Buttons - https:\/\/www.hupso.com\/share\/ --><a class=\"hupso_toolbar\" href=\"https:\/\/www.hupso.com\/share\/\"><img decoding=\"async\" src=\"https:\/\/static.hupso.com\/share\/buttons\/share-small.png\" style=\"border:0px; padding-top: 5px; float:left;\" alt=\"Share Button\"\/><\/a><script type=\"text\/javascript\">var hupso_services_t=new Array(\"Twitter\",\"Facebook\",\"Google Plus\",\"Linkedin\");var hupso_background_t=\"#EAF4FF\";var hupso_border_t=\"#66CCFF\";var hupso_toolbar_size_t=\"small\";var hupso_image_folder_url = \"\";var hupso_url_t=\"\";var hupso_title_t=\"Pr%C3%A9sentation\";<\/script><script type=\"text\/javascript\" src=\"https:\/\/static.hupso.com\/share\/js\/share_toolbar.js\"><\/script><!-- Hupso Share Buttons --><\/div>","protected":false},"excerpt":{"rendered":"<p>Form\u00e9e en architecture (DPLG) et en beaux-arts, Tal Waldman, alias Talva D. est une artiste globale inspir\u00e9e par les diff\u00e9rentes cultures rencontr\u00e9es durant ses r\u00e9sidences et ses \u00e9tudes en Isra\u00ebl, Inde, Allemagne, Gr\u00e8ce et Paris o\u00f9 elle vit. Apr\u00e8s des \u00e9tudes internationales et multiculturelles d&rsquo;art et d&rsquo;architecture, elle obtient en 2000 sa ma\u00eetrise en architecture [&hellip;]<\/p>\n","protected":false},"author":1,"featured_media":0,"parent":0,"menu_order":0,"comment_status":"open","ping_status":"closed","template":"","meta":{"footnotes":""},"class_list":["post-645","page","type-page","status-publish","hentry"],"_links":{"self":[{"href":"https:\/\/www.talvadesign.com\/index.php?rest_route=%2Fwp%2Fv2%2Fpages%2F645&lang=fr","targetHints":{"allow":["GET"]}}],"collection":[{"href":"https:\/\/www.talvadesign.com\/index.php?rest_route=%2Fwp%2Fv2%2Fpages&lang=fr"}],"about":[{"href":"https:\/\/www.talvadesign.com\/index.php?rest_route=%2Fwp%2Fv2%2Ftypes%2Fpage&lang=fr"}],"author":[{"embeddable":true,"href":"https:\/\/www.talvadesign.com\/index.php?rest_route=%2Fwp%2Fv2%2Fusers%2F1&lang=fr"}],"replies":[{"embeddable":true,"href":"https:\/\/www.talvadesign.com\/index.php?rest_route=%2Fwp%2Fv2%2Fcomments&lang=fr&post=645"}],"version-history":[{"count":63,"href":"https:\/\/www.talvadesign.com\/index.php?rest_route=%2Fwp%2Fv2%2Fpages%2F645%2Frevisions&lang=fr"}],"predecessor-version":[{"id":8076,"href":"https:\/\/www.talvadesign.com\/index.php?rest_route=%2Fwp%2Fv2%2Fpages%2F645%2Frevisions%2F8076&lang=fr"}],"wp:attachment":[{"href":"https:\/\/www.talvadesign.com\/index.php?rest_route=%2Fwp%2Fv2%2Fmedia&lang=fr&parent=645"}],"curies":[{"name":"wp","href":"https:\/\/api.w.org\/{rel}","templated":true}]}}